{"id":188,"date":"2024-09-03T10:46:15","date_gmt":"2024-09-03T08:46:15","guid":{"rendered":"https:\/\/vkk.hpmedia.dk\/?page_id=188"},"modified":"2026-01-26T16:17:34","modified_gmt":"2026-01-26T14:17:34","slug":"bliv-medlem","status":"publish","type":"page","link":"https:\/\/vkk075.dk\/?page_id=188","title":{"rendered":"Bliv Medlem"},"content":{"rendered":"\n<h1 class=\"wp-block-heading\"><strong>Nyt medlem<\/strong><\/h1>\n\n\n\n<p>Hvis du vil melde dig ind i <strong>Vojens Karting Klub som nyt medlem<\/strong>, f\u00f8lger du denne enkle procedure:<\/p>\n\n\n\n<p><strong>1. Udfyld en indmeldelsesformular<\/strong><\/p>\n\n\n\n<ul class=\"wp-block-list\">\n<li>udfyld indmeldelsesformularen p\u00e5 DASU\u2019s hjemmeside<\/li>\n<\/ul>\n\n\n\n<p><a href=\"https:\/\/www.dasu.dk\/medlemslogin\/nyt-medlem\">https:\/\/www.dasu.dk\/medlemslogin\/nyt-medlem<\/a><\/p>\n\n\n\n<ul class=\"wp-block-list\">\n<li>Udfyld alle n\u00f8dvendige oplysninger, s\u00e5som navn, adresse, kontaktinfo mm.<\/li>\n<\/ul>\n\n\n\n<p><strong>2. Betal kontingent<\/strong><\/p>\n\n\n\n<ul class=\"wp-block-list\">\n<li>Indbetal det \u00e5rlige kontingent p\u00e5 klubbens bank.<br>KONTO: 7990 0001076533<br>IBAN: DK6479900001076533<br>BIC-kode:SWIFT<\/li>\n\n\n\n<li>Priser findes p\u00e5 klubbens hjemmeside eller kan f\u00e5s ved henvendelse til bestyrelsen.<\/li>\n<\/ul>\n\n\n\n<p><strong>3. Licens-ans\u00f8gning<\/strong><\/p>\n\n\n\n<ul class=\"wp-block-list\">\n<li>Efter betaling og godkendelse af din indmeldelse modtager du en bekr\u00e6ftelse fra klubben.<\/li>\n\n\n\n<li>Nu kan du bestille din Licens p\u00e5 DASU\u2019s hjemmeside.<\/li>\n<\/ul>\n\n\n\n<p><a href=\"https:\/\/www.dasu.dk\/medlemslogin\/bestil-licens\">https:\/\/www.dasu.dk\/medlemslogin\/bestil-licens<\/a><\/p>\n\n\n\n<p><strong>4. Modtag velkomst og information<\/strong><\/p>\n\n\n\n<ul class=\"wp-block-list\">\n<li>Hvis du \u00f8nsker at deltage i officielle l\u00f8b, skal du best\u00e5 en banepr\u00f8ve. Klubben vil vejlede dig i processen.<\/li>\n<\/ul>\n\n\n\n<p><strong>5. Kom i gang!<\/strong><\/p>\n\n\n\n<ul class=\"wp-block-list\">\n<li>M\u00f8d op til tr\u00e6ning, l\u00e6r banen at kende og bliv en del af f\u00e6llesskabet.<\/li>\n\n\n\n<li>Klubben tilbyder ofte introarrangementer for nye medlemmer, hvor du kan f\u00e5 gode r\u00e5d og m\u00f8de andre kartingentusiaster.<\/li>\n\n\n\n<li>Og husk der findes ingen dumme sp\u00f8rgsm\u00e5l kun dumme svar.<\/li>\n<\/ul>\n\n\n\n<h1 class=\"wp-block-heading\"><strong>Eksisterende medlem<\/strong><\/h1>\n\n\n\n<p>Hvis du vil melde dig ind i <strong>Vojens Karting Klub som eksisterende medlem<\/strong>, f\u00f8lger du denne enkle procedure:<\/p>\n\n\n\n<p><strong>1. Udfyld en indmeldelsesformular<\/strong><\/p>\n\n\n\n<ul class=\"wp-block-list\">\n<li>udfyld indmeldelsesformularen p\u00e5 DASU\u2019s hjemmeside<\/li>\n\n\n\n<li><a href=\"https:\/\/mit.dasu.dk\/Account\/Login.aspx\">https:\/\/mit.dasu.dk\/Account\/Login.aspx<\/a><\/li>\n\n\n\n<li>Hvis du ikke har \u00e6ndret dit brugernavn og adgangskode er begge dit licensnr. fra sidste s\u00e6son<\/li>\n\n\n\n<li>Ret eventuelt n\u00f8dvendige oplysninger, s\u00e5som adresse, kontaktinfo, mail mm.<\/li>\n<\/ul>\n\n\n\n<p><strong>2. Betal kontingent<\/strong><\/p>\n\n\n\n<ul class=\"wp-block-list\">\n<li>Indbetal det \u00e5rlige kontingent p\u00e5 klubbens bank.<br>KONTO: 7990 0001076533<br>IBAN: DK6479900001076533 <br>BIC-kode:SWIFT<\/li>\n\n\n\n<li>Priser findes p\u00e5 klubbens hjemmeside eller kan f\u00e5s ved henvendelse til bestyrelsen.<\/li>\n<\/ul>\n\n\n\n<p><strong>3. licensans\u00f8gning<\/strong><\/p>\n\n\n\n<ul class=\"wp-block-list\">\n<li>Efter betaling og godkendelse af din indmeldelse modtager du en bekr\u00e6ftelse fra klubben.<\/li>\n\n\n\n<li>Nu kan du bestille din Licens p\u00e5 DASU\u2019s hjemmeside.<\/li>\n<\/ul>\n\n\n\n<p><a href=\"https:\/\/www.dasu.dk\/medlemslogin\/bestil-licens\">https:\/\/www.dasu.dk\/medlemslogin\/bestil-licens<\/a><\/p>\n\n\n\n<p><strong>4. Kom i gang!<\/strong><\/p>\n\n\n\n<ul class=\"wp-block-list\">\n<li>M\u00f8d op til tr\u00e6ning, l\u00e6r banen at kende og bliv en del af f\u00e6llesskabet.<\/li>\n\n\n\n<li>Klubben tilbyder ofte introarrangementer for nye og eksisteren medlemmer, hvor du kan f\u00e5 gode r\u00e5d og m\u00f8de andre kartingentusiaster.<\/li>\n\n\n\n<li>Og husk der findes ingen dumme sp\u00f8rgsm\u00e5l kun dumme svar.<\/li>\n<\/ul>\n","protected":false},"excerpt":{"rendered":"<p>Nyt medlem Hvis du vil melde dig ind i Vojens Karting Klub som nyt medlem, f\u00f8lger du denne enkle procedure: 1. Udfyld en indmeldelsesformular https:\/\/www.dasu.dk\/medlemslogin\/nyt-medlem 2. Betal kontingent 3. Licens-ans\u00f8gning https:\/\/www.dasu.dk\/medlemslogin\/bestil-licens 4. Modtag velkomst og information 5. Kom i gang! Eksisterende medlem Hvis du vil melde dig ind i Vojens Karting Klub som eksisterende medlem, [&hellip;]<\/p>\n","protected":false},"author":2,"featured_media":0,"parent":0,"menu_order":0,"comment_status":"closed","ping_status":"closed","template":"templates\/template-page-full-width.php","meta":{"footnotes":""},"class_list":["post-188","page","type-page","status-publish","hentry"],"_links":{"self":[{"href":"https:\/\/vkk075.dk\/index.php?rest_route=\/wp\/v2\/pages\/188","targetHints":{"allow":["GET"]}}],"collection":[{"href":"https:\/\/vkk075.dk\/index.php?rest_route=\/wp\/v2\/pages"}],"about":[{"href":"https:\/\/vkk075.dk\/index.php?rest_route=\/wp\/v2\/types\/page"}],"author":[{"embeddable":true,"href":"https:\/\/vkk075.dk\/index.php?rest_route=\/wp\/v2\/users\/2"}],"replies":[{"embeddable":true,"href":"https:\/\/vkk075.dk\/index.php?rest_route=%2Fwp%2Fv2%2Fcomments&post=188"}],"version-history":[{"count":4,"href":"https:\/\/vkk075.dk\/index.php?rest_route=\/wp\/v2\/pages\/188\/revisions"}],"predecessor-version":[{"id":391,"href":"https:\/\/vkk075.dk\/index.php?rest_route=\/wp\/v2\/pages\/188\/revisions\/391"}],"wp:attachment":[{"href":"https:\/\/vkk075.dk\/index.php?rest_route=%2Fwp%2Fv2%2Fmedia&parent=188"}],"curies":[{"name":"wp","href":"https:\/\/api.w.org\/{rel}","templated":true}]}}