{"id":111,"date":"2024-09-02T21:08:12","date_gmt":"2024-09-02T21:08:12","guid":{"rendered":"https:\/\/vkk.hpmedia.dk\/?page_id=111"},"modified":"2025-04-15T22:22:15","modified_gmt":"2025-04-15T20:22:15","slug":"bane-regler","status":"publish","type":"page","link":"https:\/\/vkk075.dk\/?page_id=111","title":{"rendered":"Bane Regler"},"content":{"rendered":"\n<h1 class=\"wp-block-heading\">Bane Regler til tr\u00e6ning og l\u00f8b.<\/h1>\n\n\n\n<ol class=\"wp-block-list\">\n<li>Ingen tr\u00e6ning uden tilmelding, kan ske hos banelederen,  p\u00e5 kontoret eller i de hvide containere.<\/li>\n\n\n\n<li>Baneleders og officials anvisninger skal altid f\u00f8lges.<\/li>\n\n\n\n<li>Anl\u00e6ggets milj\u00f8tilladelse samt lovgivning og regler fra offentlige myndigheder altid skal overholdes. Sp\u00f8rg baneleder\/officials hvis du er i tvivl.<\/li>\n\n\n\n<li>K\u00f8rsel p\u00e5 banen er kun tilladt hvis k\u00f8rer, kart og udstyr opfylder DASU\u2019s Reglement 6.<\/li>\n\n\n\n<li>Assistance p\u00e5 banen (f.eks til havareret kart) m\u00e5 kun ske med gyldig licens og if\u00f8rt sikkerhedsvest.<\/li>\n\n\n\n<li>Udk\u00f8rsel til banen skal ske ved opliningen, udk\u00f8rsel fra banen skal ske i sving 1 eller sving 6, med h\u00e5nden oprakt og i neds\u00e6t tempo.<\/li>\n\n\n\n<li>P\u00e5fyldning\/aftapning, samt anden h\u00e5ndtering af benzin, olie og bremsev\u00e6ske mv. m\u00e5 kun ske p\u00e5 et medbragt t\u00e6t underlag p\u00e5 min. 2&#215;2 meter, samt spildbakke.<\/li>\n\n\n\n<li>Vask og st\u00f8rre reng\u00f8ring af kart og motor, skal forg\u00e5 p\u00e5 vaskepladsen, p\u00e5 bagsiden af bygningen<\/li>\n\n\n\n<li>Opstart\/pr\u00f8vestart af motorer skal ske p\u00e5 udk\u00f8rslen umiddelbart inden udk\u00f8rsel, og m\u00e5 vare maximalt 15 sekunder, og kun i det tidsrum der m\u00e5 tr\u00e6nes eller k\u00f8res l\u00f8b p\u00e5 banen.<\/li>\n\n\n\n<li>Pitomr\u00e5det indenfor volden: Det er ikke tilladt at parkere biler, trailere mm. Det er tilladt for lejere af containere at foretage afl\u00e6sning\/l\u00e6sning af gokart og udstyr.<\/li>\n\n\n\n<li>K\u00f8rsel med El-l\u00f8behjul, El-biler, ATV og lignende k\u00f8ret\u00f8jer, er ikke tillad i klubtiden p\u00e5 anl\u00e6gget.<\/li>\n\n\n\n<li>Biler, trailere, campingvogne m.m. skal v\u00e6re fjernet fra Vojens Motorsport Arena\u2019s omr\u00e5de ved normal lukketid, medmindre der er lavet s\u00e6rskilt aftale herom.<\/li>\n\n\n\n<li>Ryd op efter dig!&nbsp; Affald skal sorteres, og l\u00e6gges i de opstillede containere.&nbsp; Sprayd\u00e5ser og andet kemiaffald skal i milj\u00f8container. D\u00e6k m\u00e5 ikke efterlades p\u00e5 omr\u00e5det.<\/li>\n<\/ol>\n\n\n\n<p>Opdateret. 15-04-2025<\/p>\n","protected":false},"excerpt":{"rendered":"<p>Bane Regler til tr\u00e6ning og l\u00f8b. Opdateret. 15-04-2025<\/p>\n","protected":false},"author":2,"featured_media":0,"parent":0,"menu_order":0,"comment_status":"closed","ping_status":"closed","template":"templates\/template-page-full-width.php","meta":{"footnotes":""},"class_list":["post-111","page","type-page","status-publish","hentry"],"_links":{"self":[{"href":"https:\/\/vkk075.dk\/index.php?rest_route=\/wp\/v2\/pages\/111","targetHints":{"allow":["GET"]}}],"collection":[{"href":"https:\/\/vkk075.dk\/index.php?rest_route=\/wp\/v2\/pages"}],"about":[{"href":"https:\/\/vkk075.dk\/index.php?rest_route=\/wp\/v2\/types\/page"}],"author":[{"embeddable":true,"href":"https:\/\/vkk075.dk\/index.php?rest_route=\/wp\/v2\/users\/2"}],"replies":[{"embeddable":true,"href":"https:\/\/vkk075.dk\/index.php?rest_route=%2Fwp%2Fv2%2Fcomments&post=111"}],"version-history":[{"count":6,"href":"https:\/\/vkk075.dk\/index.php?rest_route=\/wp\/v2\/pages\/111\/revisions"}],"predecessor-version":[{"id":318,"href":"https:\/\/vkk075.dk\/index.php?rest_route=\/wp\/v2\/pages\/111\/revisions\/318"}],"wp:attachment":[{"href":"https:\/\/vkk075.dk\/index.php?rest_route=%2Fwp%2Fv2%2Fmedia&parent=111"}],"curies":[{"name":"wp","href":"https:\/\/api.w.org\/{rel}","templated":true}]}}